{"id":48,"date":"2024-11-07T21:07:24","date_gmt":"2024-11-08T02:07:24","guid":{"rendered":"https:\/\/cpf-dev.uni.edu.pe\/?page_id=48"},"modified":"2024-11-07T21:19:05","modified_gmt":"2024-11-08T02:19:05","slug":"contacto","status":"publish","type":"page","link":"https:\/\/cpf-dev.uni.edu.pe\/?page_id=48","title":{"rendered":"Informaci\u00f3n de contacto"},"content":{"rendered":"\n<p>Nuestras oficinas se encuentran ubicadas en el segundo piso del pabell\u00f3n D de la antigua Facultad de Ingenier\u00eda de Petr\u00f3leo, Gas Natural y Petroqu\u00edmica, en el<br>ambiente D1-252.<\/p>\n\n\n\n<p class=\"has-medium-font-size\">Tel\u00e9fono: <strong>Central: 481-1070 Anexo N\u00b0 6113<\/strong><br>Correo institucional: <strong>mesadepartes.cpf@uni.edu.pe<\/strong><\/p>\n\n\n<div class=\"mapouter\"><div class=\"gmap_canvas\"><iframe loading=\"lazy\" width=\"600\" height=\"500\" id=\"gmap_canvas\" src=\"https:\/\/maps.google.com\/maps?q=facultad%20de%20ingenier%C3%ADa%20petroleo&#038;t=&#038;z=13&#038;ie=UTF8&#038;iwloc=&#038;output=embed\" frameborder=\"0\" scrolling=\"no\" marginheight=\"0\" marginwidth=\"0\"><\/iframe><a href=\"https:\/\/123movies-i.net\">the good doctor 123movies<\/a><br><style>.mapouter{position:relative;text-align:right;height:500px;width:600px;}<\/style><a href=\"https:\/\/www.embedgooglemap.net\"><\/a><style>.gmap_canvas {overflow:hidden;background:none!important;height:500px;width:600px;}<\/style><\/div><\/div>","protected":false},"excerpt":{"rendered":"<p>Nuestras oficinas se encuentran ubicadas en el segundo piso del pabell\u00f3n D de la antigua Facultad de Ingenier\u00eda de Petr\u00f3leo, Gas Natural y Petroqu\u00edmica, en elambiente D1-252. Tel\u00e9fono: Central: 481-1070 Anexo N\u00b0 6113Correo institucional: mesadepartes.cpf@uni.edu.pe the good doctor 123movies<\/p>\n","protected":false},"author":1,"featured_media":31,"parent":0,"menu_order":0,"comment_status":"closed","ping_status":"closed","template":"","meta":{"footnotes":""},"class_list":["post-48","page","type-page","status-publish","has-post-thumbnail","hentry"],"_links":{"self":[{"href":"https:\/\/cpf-dev.uni.edu.pe\/index.php?rest_route=\/wp\/v2\/pages\/48","targetHints":{"allow":["GET"]}}],"collection":[{"href":"https:\/\/cpf-dev.uni.edu.pe\/index.php?rest_route=\/wp\/v2\/pages"}],"about":[{"href":"https:\/\/cpf-dev.uni.edu.pe\/index.php?rest_route=\/wp\/v2\/types\/page"}],"author":[{"embeddable":true,"href":"https:\/\/cpf-dev.uni.edu.pe\/index.php?rest_route=\/wp\/v2\/users\/1"}],"replies":[{"embeddable":true,"href":"https:\/\/cpf-dev.uni.edu.pe\/index.php?rest_route=%2Fwp%2Fv2%2Fcomments&post=48"}],"version-history":[{"count":6,"href":"https:\/\/cpf-dev.uni.edu.pe\/index.php?rest_route=\/wp\/v2\/pages\/48\/revisions"}],"predecessor-version":[{"id":55,"href":"https:\/\/cpf-dev.uni.edu.pe\/index.php?rest_route=\/wp\/v2\/pages\/48\/revisions\/55"}],"wp:featuredmedia":[{"embeddable":true,"href":"https:\/\/cpf-dev.uni.edu.pe\/index.php?rest_route=\/wp\/v2\/media\/31"}],"wp:attachment":[{"href":"https:\/\/cpf-dev.uni.edu.pe\/index.php?rest_route=%2Fwp%2Fv2%2Fmedia&parent=48"}],"curies":[{"name":"wp","href":"https:\/\/api.w.org\/{rel}","templated":true}]}}