{"id":58,"date":"2024-11-07T21:33:03","date_gmt":"2024-11-08T02:33:03","guid":{"rendered":"https:\/\/cpf-dev.uni.edu.pe\/?page_id=58"},"modified":"2024-11-07T21:33:07","modified_gmt":"2024-11-08T02:33:07","slug":"atencion-de-denuncias","status":"publish","type":"page","link":"https:\/\/cpf-dev.uni.edu.pe\/?page_id=58","title":{"rendered":"Atenci\u00f3n de Denuncias"},"content":{"rendered":"\n<p>La denuncia se efectuar\u00e1 mediante documento escrito o electr\u00f3nico, dirigida al Presidente de la Comisi\u00f3n Permanente de Fiscalizaci\u00f3n, se\u00f1alando los hechos y circunstancias de tiempo, lugar y modo que permitan su constataci\u00f3n, acompa\u00f1ando las pruebas que la acrediten o la indicaci\u00f3n de su ubicaci\u00f3n, las normas que se habr\u00eda transgredido y la indicaci\u00f3n de los presuntos autores. Las denuncias que cumplan con los requisitos originar\u00e1n la creaci\u00f3n del expediente; en caso contrario ser\u00e1n rechazadas preliminarmente.<\/p>\n","protected":false},"excerpt":{"rendered":"<p>La denuncia se efectuar\u00e1 mediante documento escrito o electr\u00f3nico, dirigida al Presidente de la Comisi\u00f3n Permanente de Fiscalizaci\u00f3n, se\u00f1alando los hechos y circunstancias de tiempo, lugar y modo que permitan su constataci\u00f3n, acompa\u00f1ando las pruebas que la acrediten o la indicaci\u00f3n de su ubicaci\u00f3n, las normas que se habr\u00eda transgredido y la indicaci\u00f3n de los [&hellip;]<\/p>\n","protected":false},"author":1,"featured_media":31,"parent":0,"menu_order":0,"comment_status":"closed","ping_status":"closed","template":"","meta":{"footnotes":""},"class_list":["post-58","page","type-page","status-publish","has-post-thumbnail","hentry"],"_links":{"self":[{"href":"https:\/\/cpf-dev.uni.edu.pe\/index.php?rest_route=\/wp\/v2\/pages\/58","targetHints":{"allow":["GET"]}}],"collection":[{"href":"https:\/\/cpf-dev.uni.edu.pe\/index.php?rest_route=\/wp\/v2\/pages"}],"about":[{"href":"https:\/\/cpf-dev.uni.edu.pe\/index.php?rest_route=\/wp\/v2\/types\/page"}],"author":[{"embeddable":true,"href":"https:\/\/cpf-dev.uni.edu.pe\/index.php?rest_route=\/wp\/v2\/users\/1"}],"replies":[{"embeddable":true,"href":"https:\/\/cpf-dev.uni.edu.pe\/index.php?rest_route=%2Fwp%2Fv2%2Fcomments&post=58"}],"version-history":[{"count":1,"href":"https:\/\/cpf-dev.uni.edu.pe\/index.php?rest_route=\/wp\/v2\/pages\/58\/revisions"}],"predecessor-version":[{"id":60,"href":"https:\/\/cpf-dev.uni.edu.pe\/index.php?rest_route=\/wp\/v2\/pages\/58\/revisions\/60"}],"wp:featuredmedia":[{"embeddable":true,"href":"https:\/\/cpf-dev.uni.edu.pe\/index.php?rest_route=\/wp\/v2\/media\/31"}],"wp:attachment":[{"href":"https:\/\/cpf-dev.uni.edu.pe\/index.php?rest_route=%2Fwp%2Fv2%2Fmedia&parent=58"}],"curies":[{"name":"wp","href":"https:\/\/api.w.org\/{rel}","templated":true}]}}