{"id":76,"date":"2024-11-08T12:00:33","date_gmt":"2024-11-08T17:00:33","guid":{"rendered":"https:\/\/cpf-dev.uni.edu.pe\/?page_id=76"},"modified":"2024-11-08T12:00:38","modified_gmt":"2024-11-08T17:00:38","slug":"resultados-de-de-fiscalizacion","status":"publish","type":"page","link":"https:\/\/cpf-dev.uni.edu.pe\/?page_id=76","title":{"rendered":"Resultados de de fiscalizaci\u00f3n"},"content":{"rendered":"\n<p>De conformidad con el marco legal antes se\u00f1alado, la Comisi\u00f3n Permanente de Fiscalizaci\u00f3n ha atendido las denuncias siguientes:<\/p>\n\n\n\n<figure class=\"wp-block-table has-small-medium-font-size\"><table class=\"has-sub-bg-background-color has-background\"><tbody><tr><td class=\"has-text-align-center\" data-align=\"center\"><strong>Periodo<\/strong><\/td><td class=\"has-text-align-center\" data-align=\"center\"><strong>N\u00famero de Denuncias<\/strong><\/td><\/tr><tr><td class=\"has-text-align-center\" data-align=\"center\">A\u00f1o 2023<\/td><td class=\"has-text-align-center\" data-align=\"center\">8<\/td><\/tr><tr><td class=\"has-text-align-center\" data-align=\"center\">A\u00f1o 2024<\/td><td class=\"has-text-align-center\" data-align=\"center\">23<\/td><\/tr><\/tbody><\/table><\/figure>\n","protected":false},"excerpt":{"rendered":"<p>De conformidad con el marco legal antes se\u00f1alado, la Comisi\u00f3n Permanente de Fiscalizaci\u00f3n ha atendido las denuncias siguientes: Periodo N\u00famero de Denuncias A\u00f1o 2023 8 A\u00f1o 2024 23<\/p>\n","protected":false},"author":1,"featured_media":31,"parent":0,"menu_order":0,"comment_status":"closed","ping_status":"closed","template":"","meta":{"footnotes":""},"class_list":["post-76","page","type-page","status-publish","has-post-thumbnail","hentry"],"_links":{"self":[{"href":"https:\/\/cpf-dev.uni.edu.pe\/index.php?rest_route=\/wp\/v2\/pages\/76","targetHints":{"allow":["GET"]}}],"collection":[{"href":"https:\/\/cpf-dev.uni.edu.pe\/index.php?rest_route=\/wp\/v2\/pages"}],"about":[{"href":"https:\/\/cpf-dev.uni.edu.pe\/index.php?rest_route=\/wp\/v2\/types\/page"}],"author":[{"embeddable":true,"href":"https:\/\/cpf-dev.uni.edu.pe\/index.php?rest_route=\/wp\/v2\/users\/1"}],"replies":[{"embeddable":true,"href":"https:\/\/cpf-dev.uni.edu.pe\/index.php?rest_route=%2Fwp%2Fv2%2Fcomments&post=76"}],"version-history":[{"count":1,"href":"https:\/\/cpf-dev.uni.edu.pe\/index.php?rest_route=\/wp\/v2\/pages\/76\/revisions"}],"predecessor-version":[{"id":78,"href":"https:\/\/cpf-dev.uni.edu.pe\/index.php?rest_route=\/wp\/v2\/pages\/76\/revisions\/78"}],"wp:featuredmedia":[{"embeddable":true,"href":"https:\/\/cpf-dev.uni.edu.pe\/index.php?rest_route=\/wp\/v2\/media\/31"}],"wp:attachment":[{"href":"https:\/\/cpf-dev.uni.edu.pe\/index.php?rest_route=%2Fwp%2Fv2%2Fmedia&parent=76"}],"curies":[{"name":"wp","href":"https:\/\/api.w.org\/{rel}","templated":true}]}}